{"id":2188,"date":"2022-11-28T19:40:57","date_gmt":"2022-11-28T18:40:57","guid":{"rendered":"https:\/\/www.aparthotel-stadler.at\/privacy-policy\/"},"modified":"2023-07-25T11:11:55","modified_gmt":"2023-07-25T09:11:55","slug":"privacy-policy","status":"publish","type":"page","link":"https:\/\/www.aparthotel-stadler.at\/en\/privacy-policy\/","title":{"rendered":"Privacy policy"},"content":{"rendered":"\t\t<div data-elementor-type=\"wp-page\" data-elementor-id=\"2188\" class=\"elementor elementor-2188 elementor-3\">\n\t\t\t\t\t\t\t\t\t<section class=\"elementor-section elementor-top-section elementor-element elementor-element-d682946 elementor-section-full_width hauptbild-slideshow elementor-section-stretched elementor-section-height-default elementor-section-height-default\" data-id=\"d682946\" data-element_type=\"section\" data-settings=\"{&quot;stretch_section&quot;:&quot;section-stretched&quot;}\">\n\t\t\t\t\t\t<div class=\"elementor-container elementor-column-gap-no\">\n\t\t\t\t\t<div class=\"elementor-column elementor-col-100 elementor-top-column elementor-element elementor-element-afe2c67\" data-id=\"afe2c67\" data-element_type=\"column\">\n\t\t\t<div class=\"elementor-widget-wrap elementor-element-populated\">\n\t\t\t\t\t\t\t\t<div class=\"elementor-element elementor-element-36f20f5 elementor-widget elementor-widget-image\" data-id=\"36f20f5\" data-element_type=\"widget\" data-widget_type=\"image.default\">\n\t\t\t\t<div class=\"elementor-widget-container\">\n\t\t\t<style>\/*! elementor - v3.10.2 - 29-01-2023 *\/\n.elementor-widget-image{text-align:center}.elementor-widget-image a{display:inline-block}.elementor-widget-image a img[src$=\".svg\"]{width:48px}.elementor-widget-image img{vertical-align:middle;display:inline-block}<\/style>\t\t\t\t\t\t\t\t\t\t\t\t<img loading=\"lazy\" decoding=\"async\" width=\"1920\" height=\"850\" src=\"https:\/\/www.aparthotel-stadler.at\/wp-content\/uploads\/gut-zu-wissen-aparthotel-stadler-flachau.jpg\" class=\"attachment-full size-full wp-image-2008\" alt=\"\" srcset=\"https:\/\/www.aparthotel-stadler.at\/wp-content\/uploads\/gut-zu-wissen-aparthotel-stadler-flachau.jpg 1920w, https:\/\/www.aparthotel-stadler.at\/wp-content\/uploads\/gut-zu-wissen-aparthotel-stadler-flachau-750x332.jpg 750w, https:\/\/www.aparthotel-stadler.at\/wp-content\/uploads\/gut-zu-wissen-aparthotel-stadler-flachau-1024x453.jpg 1024w, https:\/\/www.aparthotel-stadler.at\/wp-content\/uploads\/gut-zu-wissen-aparthotel-stadler-flachau-768x340.jpg 768w, https:\/\/www.aparthotel-stadler.at\/wp-content\/uploads\/gut-zu-wissen-aparthotel-stadler-flachau-1536x680.jpg 1536w\" sizes=\"auto, (max-width: 1920px) 100vw, 1920px\" \/>\t\t\t\t\t\t\t\t\t\t\t\t\t\t\t<\/div>\n\t\t\t\t<\/div>\n\t\t\t\t\t<\/div>\n\t\t<\/div>\n\t\t\t\t\t\t\t<\/div>\n\t\t<\/section>\n\t\t\t\t<section class=\"elementor-section elementor-top-section elementor-element elementor-element-32e1942b elementor-section-boxed elementor-section-height-default elementor-section-height-default\" data-id=\"32e1942b\" data-element_type=\"section\">\n\t\t\t\t\t\t<div class=\"elementor-container elementor-column-gap-default\">\n\t\t\t\t\t<div class=\"elementor-column elementor-col-100 elementor-top-column elementor-element elementor-element-1436ee6\" data-id=\"1436ee6\" data-element_type=\"column\">\n\t\t\t<div class=\"elementor-widget-wrap elementor-element-populated\">\n\t\t\t\t\t\t\t\t<div class=\"elementor-element elementor-element-61d2c19 elementor-widget elementor-widget-heading\" data-id=\"61d2c19\" data-element_type=\"widget\" data-widget_type=\"heading.default\">\n\t\t\t\t<div class=\"elementor-widget-container\">\n\t\t\t<style>\/*! elementor - v3.10.2 - 29-01-2023 *\/\n.elementor-heading-title{padding:0;margin:0;line-height:1}.elementor-widget-heading .elementor-heading-title[class*=elementor-size-]>a{color:inherit;font-size:inherit;line-height:inherit}.elementor-widget-heading .elementor-heading-title.elementor-size-small{font-size:15px}.elementor-widget-heading .elementor-heading-title.elementor-size-medium{font-size:19px}.elementor-widget-heading .elementor-heading-title.elementor-size-large{font-size:29px}.elementor-widget-heading .elementor-heading-title.elementor-size-xl{font-size:39px}.elementor-widget-heading .elementor-heading-title.elementor-size-xxl{font-size:59px}<\/style><h2 class=\"elementor-heading-title elementor-size-default\">Privacy policy<\/h2>\t\t<\/div>\n\t\t\t\t<\/div>\n\t\t\t\t<div class=\"elementor-element elementor-element-6dbb30ad elementor-widget elementor-widget-text-editor\" data-id=\"6dbb30ad\" data-element_type=\"widget\" data-widget_type=\"text-editor.default\">\n\t\t\t\t<div class=\"elementor-widget-container\">\n\t\t\t<style>\/*! elementor - v3.10.2 - 29-01-2023 *\/\n.elementor-widget-text-editor.elementor-drop-cap-view-stacked .elementor-drop-cap{background-color:#818a91;color:#fff}.elementor-widget-text-editor.elementor-drop-cap-view-framed .elementor-drop-cap{color:#818a91;border:3px solid;background-color:transparent}.elementor-widget-text-editor:not(.elementor-drop-cap-view-default) .elementor-drop-cap{margin-top:8px}.elementor-widget-text-editor:not(.elementor-drop-cap-view-default) .elementor-drop-cap-letter{width:1em;height:1em}.elementor-widget-text-editor .elementor-drop-cap{float:left;text-align:center;line-height:1;font-size:50px}.elementor-widget-text-editor .elementor-drop-cap-letter{display:inline-block}<\/style>\t\t\t\t<p>Verantwortlich f\u00fcr die Verarbeitung Ihrer personenbezogenen Daten ist der Inhaber dieser Website. Wir nehmen den Schutz Ihrer personenbezogenen Daten sehr ernst. Wir verarbeiten Ihre personenbezogenen Daten entsprechend der gesetzlichen Datenschutzvorschriften sowie dieser Datenschutzerkl\u00e4rung.<br>Die Nutzung unserer Webseite ist in der Regel ohne Angabe personenbezogener Daten m\u00f6glich. Soweit auf unseren Seiten personenbezogene Daten (beispielsweise Name, Anschrift oder E-Mail-Adressen) erhoben werden, erfolgt dies, soweit m\u00f6glich, stets auf freiwilliger Basis.<\/p>\n<p>Wir treffen organisatorische, vertragliche und technische Sicherheitsma\u00dfnahmen entsprechend dem Stand der Technik, um sicher zu stellen, dass die Vorschriften der Datenschutzgesetze eingehalten werden und um damit die durch uns verarbeiteten Daten gegen zuf\u00e4llige oder vors\u00e4tzliche Manipulationen, Verlust, Zerst\u00f6rung oder gegen den Zugriff unberechtigter Personen zu sch\u00fctzen.<\/p>\n<p>Die Datenschutzerkl\u00e4rung gilt unabh\u00e4ngig von den verwendeten Domains, Systemen, Plattformen und Endger\u00e4ten (z.B. Desktop, Tablets oder Smartphones) auf denen das Onlineangebot ausgef\u00fchrt wird. Anbieter des Onlineangebotes und die datenschutzrechtlich verantwortliche Stelle ist:<\/p>\n<p>Aparthotel Stadler<br>Familie Mag. Josef Stadler<br>Flachauer Stra\u00dfe 270<br>5542 Flachau, \u00d6sterreich<\/p>\n<p>Tel. <a>+43 6457 3181<\/a><br>Fax +43 6457 3181-3<br>E-Mail: <a title=\"E-Mail schreiben\" href=\"mailto:info@aparthotel-stadler.at\">info@aparthotel-stadler.at<\/a><\/p>\n<p> <\/p>\n<p> <\/p>\n<h5>Auftragsverarbeiter, Empf\u00e4nger<\/h5>\n<p>Wir verarbeiten Ihre personenbezogenen Daten mit der Unterst\u00fctzung von Auftragsverarbeitern, welche uns bei der Bereitstellung der Dienste unterst\u00fctzen (z.B. Webhoster, E-Mail-Newsletter-Versanddienst).<br>Diese Auftragsverarbeiter sind zum strengen Schutz Ihrer personenbezogenen Daten verichtet und d\u00fcrfen Ihre personenbezogenen Daten zu keinem anderen Zweck als zur Bereitstellung unserer Dienste verarbeiten.<br>Eine Weitergabe Ihrer personenbezogenen Daten erfolgt nur an wirtschaftstypische Dienstleister wie z.B. Banken, Steuerberater, Versanddienstleister, etc.<br><br><\/p>\n<p> <\/p>\n<h5>Kontaktformular<\/h5>\n<p>Nach Absenden des Kontaktformulars erfolgt eine Verarbeitung der von Ihnen eingegebenen personenbezogenen Daten durch den datenschutzrechtlich Verantwortlichen zum Zweck der Bearbeitung Ihrer Anfrage auf Grundlage Ihrer durch das Absenden des Formulars erteilten Einwilligung.<br>Es besteht keine gesetzliche oder vertragliche Verpflichtung zur Bereitstellung der personenbezogenen Daten. Die Nichtbereitstellung hat lediglich zur Folge, dass Sie Ihr Anliegen nicht \u00fcbermitteln und wir dieses nicht bearbeiten k\u00f6nnen.<br>Sie haben das Recht, Ihre Einwilligung jederzeit durch schriftliche Mitteilung zu widerrufen, ohne dass die Rechtm\u00e4\u00dfigkeit der aufgrund der Einwilligung bis zum Widerruf erfolgten Verarbeitung ber\u00fchrt wird.<\/p>\n<h5> <\/h5>\n<h5>TLS-Verschl\u00fcsselung mit https<\/h5>\n<p>Wir verwenden https, um Daten verschl\u00fcsselt im Internet zu \u00fcbertragen. Durch den Einsatz von TLS (Transport Layer Security), einem Verschl\u00fcsselungsprotokoll zur sicheren Daten\u00fcbertragung im Internet k\u00f6nnen wir den Schutz vertraulicher Daten sicherstellen. Sie erkennen die Benutzung dieser Absicherung der Daten\u00fcbertragung am kleinen gr\u00fcnen Schlosssymbol links oben im Browser und der Verwendung des Schemas https als Teil unserer Internetadresse.<br><br><\/p>\n<p> <\/p>\n<h5>Erhebung von Zugriffsdaten Server-Log-Dateien<\/h5>\n<p>Wir erheben und speichern Informationen \u00fcber jeden Zugriff auf den Server, auf dem sich dieser Dienst befindet (so genannte Serverlogfiles), die der Browser des Nutzers automatisch an uns \u00fcbermittelt. Zu den Zugriffsdaten geh\u00f6ren:<\/p>\n<ul>\n<li>Name der abgerufenen Webseite<\/li>\n<li>Datei<\/li>\n<li>Datum und Uhrzeit des Abrufs<\/li>\n<li>\u00fcbertragene Datenmenge<\/li>\n<li>Meldung \u00fcber erfolgreichen Abruf<\/li>\n<li>Browsertyp und Version<\/li>\n<li>das Betriebssystem des Nutzers<\/li>\n<li>Referrer URL (die zuvor besuchte Seite)<\/li>\n<li>IP-Adresse und der anfragende Provider.<\/li>\n<\/ul>\n<p>Wir verwenden diese Protokolldaten ohne Zuordnung zur Person des Nutzers oder sonstiger Profilerstellung entsprechend den gesetzlichen Bestimmungen nur f\u00fcr statistische Auswertungen zum Zweck des Betriebs, der Sicherheit und der Optimierung unseres Onlineangebotes. Wir behalten uns jedoch vor, die Protokolldaten nachtr\u00e4glich zu \u00fcberpr\u00fcfen, wenn aufgrund konkreter Anhaltspunkte der berechtigte Verdacht einer rechtswidrigen Nutzung besteht.<br><br><\/p>\n<h5>Cookies<\/h5>\n<p>Diese Website verwendet Cookies.<br>Cookies machen Websites f\u00fcr den Benutzer benutzerfreundlicher und effizienter. Ein Cookie ist eine kleine Textdatei, die zur Speicherung von Informationen dient. Beim Besuch einer Website kann die Website auf dem Computer des Website-Besuchers ein Cookie platzieren. Besucht der Benutzer die Website sp\u00e4ter wieder, kann die Website die Daten des fr\u00fcher gespeicherten Cookies auslesen und so z.B. feststellen, ob der Benutzer die Website schon fr\u00fcher besucht hat und f\u00fcr welche Bereiche der Website sich der Benutzer besonders interessiert hat.<br>Mehr Informationen zu Cookies erhalten Sie auf <a href=\"https:\/\/de.wikipedia.org\/wiki\/HTTP-Cookie\" target=\"_blank\" rel=\"noopener noreferrer\">WIKIPEDIA<\/a>.<br><br><\/p>\n<h5>\u00c4ndern der Cookie-Einstellungen<\/h5>\n<p>Wie der Web-Browser mit Cookies umgeht, welche Cookies zugelassen oder abgelehnt werden, kann der Benutzer in den Einstellungen des Web-Browsers festlegen. Wo genau sich diese Einstellungen befinden, h\u00e4ngt vom jeweiligen Web-Browser ab. Detailinformationen dazu k\u00f6nnen \u00fcber die Hilfe-Funktion des jeweiligen Web-Browsers aufgerufen werden.<br>Wenn die Nutzung von Cookies eingeschr\u00e4nkt wird, sind unter Umst\u00e4nden nicht mehr alle Funktionen dieser Website vollumf\u00e4nglich nutzbar.<\/p>\n<h5> <\/h5>\n<h5>Nutzung von ajax.googleapis.com \/ jQuery<\/h5>\n<p>Auf dieser Seite verwenden wir Ajax und jQuery Technologien, wodurch eine Optimierung der Ladegeschwindigkeiten erzielt wird. Diesbez\u00fcglich werden Programmbibliotheken von Google Servern aufgerufen. Es wird das CDN (Content delivery network) von Google verwendet. Sollten Sie jQuery vorher auf einer anderen Seite vom Google CDN gebraucht haben, wird Ihr Browser auf die im Cache abgelegte Kopie zur\u00fcckgreifen. Ist dies nicht zutreffend, erfordert dies ein Herunterladen, wobei Daten von Ihrem Browser an Google Inc. (\u201eGoogle\u201d) gelangen. Ihre Daten werden in die USA \u00fcbertragen. N\u00e4heres erfahren Sie auf den Seiten der Anbieter.<\/p>\n<h5> <\/h5>\n<h5>Ihre Rechte<\/h5>\n<p>Sie haben das Recht auf Auskunft, Berichtigung, L\u00f6schung und Einschr\u00e4nkung der Verarbeitung der personenbezogenen Daten.<br>Soweit die Rechtsgrundlage der Verarbeitung Ihrer personenbezogenen Daten in Ihrer Einwilligung oder in einem mit Ihnen abgeschlossenen Vertrag besteht, haben Sie zudem das Recht auf Daten\u00fcbertragbarkeit.<br>Sie haben das Recht auf Widerruf einer eventuell erteilten Einwilligung zur Verarbeitung Ihrer personenbezogenen Daten. Die Rechtm\u00e4\u00dfigkeit der Verarbeitung der personenbezogenen Daten bis zum Widerruf wird durch den Widerruf nicht ber\u00fchrt.<br>Sie haben das Recht auf Widerspruch gegen die Verarbeitung Ihrer personenbezogenen Daten zum Zweck der Direktwerbung. Im Fall des Widerspruchs werden Ihre personenbezogenen Daten nicht mehr zum Zwecke der Direktwerbung verarbeitet. Die Nutzer werden gebeten sich regelm\u00e4\u00dfig \u00fcber den Inhalt der Datenschutzerkl\u00e4rung zu informieren.<br>Weiters haben Sie das Recht auf Beschwerde bei der Aufsichtsbeh\u00f6rde (\u00d6sterreichische Datenschutzbeh\u00f6rde, Wickenburggasse 8, 1080 Wien, dsb@dsb.gv.at).<\/p>\n<p>Wenn Sie Fragen oder Bedenken zur Datenschutzerkl\u00e4rung haben, nehmen Sie bitte Kontakt mit uns auf. Senden Sie uns dazu eine Nachricht.<\/p>\t\t\t\t\t\t<\/div>\n\t\t\t\t<\/div>\n\t\t\t\t\t<\/div>\n\t\t<\/div>\n\t\t\t\t\t\t\t<\/div>\n\t\t<\/section>\n\t\t\t\t<section class=\"elementor-section elementor-top-section elementor-element elementor-element-24e0c8b elementor-section-boxed elementor-section-height-default elementor-section-height-default\" data-id=\"24e0c8b\" data-element_type=\"section\">\n\t\t\t\t\t\t<div class=\"elementor-container elementor-column-gap-default\">\n\t\t\t\t\t<div class=\"elementor-column elementor-col-100 elementor-top-column elementor-element elementor-element-715fe37\" data-id=\"715fe37\" data-element_type=\"column\">\n\t\t\t<div class=\"elementor-widget-wrap elementor-element-populated\">\n\t\t\t\t\t\t\t\t<div class=\"elementor-element elementor-element-1e7b865 elementor-widget elementor-widget-html\" data-id=\"1e7b865\" data-element_type=\"widget\" data-widget_type=\"html.default\">\n\t\t\t\t<div class=\"elementor-widget-container\">\n\t\t\t<script id=\"CookieDeclaration\" src=\"https:\/\/consent.cookiebot.com\/7e3032ea-3126-405e-854e-00fae76d89e9\/cd.js\" type=\"text\/javascript\" async><\/script>\t\t<\/div>\n\t\t\t\t<\/div>\n\t\t\t\t\t<\/div>\n\t\t<\/div>\n\t\t\t\t\t\t\t<\/div>\n\t\t<\/section>\n\t\t\t\t\t\t\t<\/div>\n\t\t","protected":false},"excerpt":{"rendered":"<p>Privacy policy Verantwortlich f\u00fcr die Verarbeitung Ihrer personenbezogenen Daten ist der Inhaber dieser Website. Wir nehmen den Schutz Ihrer personenbezogenen Daten sehr ernst. Wir verarbeiten Ihre personenbezogenen Daten entsprechend der gesetzlichen Datenschutzvorschriften sowie dieser Datenschutzerkl\u00e4rung.Die Nutzung unserer Webseite ist in der Regel ohne Angabe personenbezogener Daten m\u00f6glich. Soweit auf unseren Seiten personenbezogene Daten (beispielsweise Name, &hellip;<\/p>\n<p class=\"read-more\"> <a class=\"\" href=\"https:\/\/www.aparthotel-stadler.at\/en\/privacy-policy\/\"> <span class=\"screen-reader-text\">Privacy policy<\/span> Read More &raquo;<\/a><\/p>\n","protected":false},"author":1,"featured_media":0,"parent":0,"menu_order":0,"comment_status":"closed","ping_status":"open","template":"","meta":{"inline_featured_image":false,"site-sidebar-layout":"default","site-content-layout":"default","ast-global-header-display":"","ast-main-header-display":"","ast-hfb-above-header-display":"","ast-hfb-below-header-display":"","ast-hfb-mobile-header-display":"","site-post-title":"","ast-breadcrumbs-content":"","ast-featured-img":"","footer-sml-layout":"","theme-transparent-header-meta":"","adv-header-id-meta":"","stick-header-meta":"","header-above-stick-meta":"","header-main-stick-meta":"","header-below-stick-meta":"","footnotes":""},"class_list":["post-2188","page","type-page","status-publish","hentry"],"yoast_head":"<!-- This site is optimized with the Yoast SEO plugin v20.3 - https:\/\/yoast.com\/wordpress\/plugins\/seo\/ -->\n<title>Privacy policy -<\/title>\n<meta name=\"robots\" content=\"index, follow, max-snippet:-1, max-image-preview:large, max-video-preview:-1\" \/>\n<link rel=\"canonical\" href=\"https:\/\/www.aparthotel-stadler.at\/en\/privacy-policy\/\" \/>\n<meta property=\"og:locale\" content=\"en_US\" \/>\n<meta property=\"og:type\" content=\"article\" \/>\n<meta property=\"og:title\" content=\"Privacy policy -\" \/>\n<meta property=\"og:description\" content=\"Privacy policy Verantwortlich f\u00fcr die Verarbeitung Ihrer personenbezogenen Daten ist der Inhaber dieser Website. Wir nehmen den Schutz Ihrer personenbezogenen Daten sehr ernst. Wir verarbeiten Ihre personenbezogenen Daten entsprechend der gesetzlichen Datenschutzvorschriften sowie dieser Datenschutzerkl\u00e4rung.Die Nutzung unserer Webseite ist in der Regel ohne Angabe personenbezogener Daten m\u00f6glich. Soweit auf unseren Seiten personenbezogene Daten (beispielsweise Name, &hellip; Privacy policy Read More &raquo;\" \/>\n<meta property=\"og:url\" content=\"https:\/\/www.aparthotel-stadler.at\/en\/privacy-policy\/\" \/>\n<meta property=\"article:modified_time\" content=\"2023-07-25T09:11:55+00:00\" \/>\n<meta property=\"og:image\" content=\"https:\/\/www.aparthotel-stadler.at\/wp-content\/uploads\/gut-zu-wissen-aparthotel-stadler-flachau.jpg\" \/>\n<meta name=\"twitter:card\" content=\"summary_large_image\" \/>\n<meta name=\"twitter:label1\" content=\"Est. reading time\" \/>\n\t<meta name=\"twitter:data1\" content=\"5 minutes\" \/>\n<script type=\"application\/ld+json\" class=\"yoast-schema-graph\">{\"@context\":\"https:\/\/schema.org\",\"@graph\":[{\"@type\":\"WebPage\",\"@id\":\"https:\/\/www.aparthotel-stadler.at\/en\/privacy-policy\/\",\"url\":\"https:\/\/www.aparthotel-stadler.at\/en\/privacy-policy\/\",\"name\":\"Privacy policy -\",\"isPartOf\":{\"@id\":\"https:\/\/www.aparthotel-stadler.at\/#website\"},\"datePublished\":\"2022-11-28T18:40:57+00:00\",\"dateModified\":\"2023-07-25T09:11:55+00:00\",\"breadcrumb\":{\"@id\":\"https:\/\/www.aparthotel-stadler.at\/en\/privacy-policy\/#breadcrumb\"},\"inLanguage\":\"en-US\",\"potentialAction\":[{\"@type\":\"ReadAction\",\"target\":[\"https:\/\/www.aparthotel-stadler.at\/en\/privacy-policy\/\"]}]},{\"@type\":\"BreadcrumbList\",\"@id\":\"https:\/\/www.aparthotel-stadler.at\/en\/privacy-policy\/#breadcrumb\",\"itemListElement\":[{\"@type\":\"ListItem\",\"position\":1,\"name\":\"Startseite\",\"item\":\"https:\/\/www.aparthotel-stadler.at\/\"},{\"@type\":\"ListItem\",\"position\":2,\"name\":\"Privacy policy\"}]},{\"@type\":\"WebSite\",\"@id\":\"https:\/\/www.aparthotel-stadler.at\/#website\",\"url\":\"https:\/\/www.aparthotel-stadler.at\/\",\"name\":\"\",\"description\":\"Appartements &amp; Ferienwohnungen in Flachau\",\"potentialAction\":[{\"@type\":\"SearchAction\",\"target\":{\"@type\":\"EntryPoint\",\"urlTemplate\":\"https:\/\/www.aparthotel-stadler.at\/?s={search_term_string}\"},\"query-input\":\"required name=search_term_string\"}],\"inLanguage\":\"en-US\"}]}<\/script>\n<!-- \/ Yoast SEO plugin. -->","yoast_head_json":{"title":"Privacy policy -","robots":{"index":"index","follow":"follow","max-snippet":"max-snippet:-1","max-image-preview":"max-image-preview:large","max-video-preview":"max-video-preview:-1"},"canonical":"https:\/\/www.aparthotel-stadler.at\/en\/privacy-policy\/","og_locale":"en_US","og_type":"article","og_title":"Privacy policy -","og_description":"Privacy policy Verantwortlich f\u00fcr die Verarbeitung Ihrer personenbezogenen Daten ist der Inhaber dieser Website. Wir nehmen den Schutz Ihrer personenbezogenen Daten sehr ernst. Wir verarbeiten Ihre personenbezogenen Daten entsprechend der gesetzlichen Datenschutzvorschriften sowie dieser Datenschutzerkl\u00e4rung.Die Nutzung unserer Webseite ist in der Regel ohne Angabe personenbezogener Daten m\u00f6glich. Soweit auf unseren Seiten personenbezogene Daten (beispielsweise Name, &hellip; Privacy policy Read More &raquo;","og_url":"https:\/\/www.aparthotel-stadler.at\/en\/privacy-policy\/","article_modified_time":"2023-07-25T09:11:55+00:00","og_image":[{"url":"https:\/\/www.aparthotel-stadler.at\/wp-content\/uploads\/gut-zu-wissen-aparthotel-stadler-flachau.jpg"}],"twitter_card":"summary_large_image","twitter_misc":{"Est. reading time":"5 minutes"},"schema":{"@context":"https:\/\/schema.org","@graph":[{"@type":"WebPage","@id":"https:\/\/www.aparthotel-stadler.at\/en\/privacy-policy\/","url":"https:\/\/www.aparthotel-stadler.at\/en\/privacy-policy\/","name":"Privacy policy -","isPartOf":{"@id":"https:\/\/www.aparthotel-stadler.at\/#website"},"datePublished":"2022-11-28T18:40:57+00:00","dateModified":"2023-07-25T09:11:55+00:00","breadcrumb":{"@id":"https:\/\/www.aparthotel-stadler.at\/en\/privacy-policy\/#breadcrumb"},"inLanguage":"en-US","potentialAction":[{"@type":"ReadAction","target":["https:\/\/www.aparthotel-stadler.at\/en\/privacy-policy\/"]}]},{"@type":"BreadcrumbList","@id":"https:\/\/www.aparthotel-stadler.at\/en\/privacy-policy\/#breadcrumb","itemListElement":[{"@type":"ListItem","position":1,"name":"Startseite","item":"https:\/\/www.aparthotel-stadler.at\/"},{"@type":"ListItem","position":2,"name":"Privacy policy"}]},{"@type":"WebSite","@id":"https:\/\/www.aparthotel-stadler.at\/#website","url":"https:\/\/www.aparthotel-stadler.at\/","name":"","description":"Appartements &amp; Ferienwohnungen in Flachau","potentialAction":[{"@type":"SearchAction","target":{"@type":"EntryPoint","urlTemplate":"https:\/\/www.aparthotel-stadler.at\/?s={search_term_string}"},"query-input":"required name=search_term_string"}],"inLanguage":"en-US"}]}},"_links":{"self":[{"href":"https:\/\/www.aparthotel-stadler.at\/en\/wp-json\/wp\/v2\/pages\/2188","targetHints":{"allow":["GET"]}}],"collection":[{"href":"https:\/\/www.aparthotel-stadler.at\/en\/wp-json\/wp\/v2\/pages"}],"about":[{"href":"https:\/\/www.aparthotel-stadler.at\/en\/wp-json\/wp\/v2\/types\/page"}],"author":[{"embeddable":true,"href":"https:\/\/www.aparthotel-stadler.at\/en\/wp-json\/wp\/v2\/users\/1"}],"replies":[{"embeddable":true,"href":"https:\/\/www.aparthotel-stadler.at\/en\/wp-json\/wp\/v2\/comments?post=2188"}],"version-history":[{"count":1,"href":"https:\/\/www.aparthotel-stadler.at\/en\/wp-json\/wp\/v2\/pages\/2188\/revisions"}],"predecessor-version":[{"id":2189,"href":"https:\/\/www.aparthotel-stadler.at\/en\/wp-json\/wp\/v2\/pages\/2188\/revisions\/2189"}],"wp:attachment":[{"href":"https:\/\/www.aparthotel-stadler.at\/en\/wp-json\/wp\/v2\/media?parent=2188"}],"curies":[{"name":"wp","href":"https:\/\/api.w.org\/{rel}","templated":true}]}}